{"id":488,"date":"2021-01-08T05:18:17","date_gmt":"2021-01-07T20:18:17","guid":{"rendered":"https:\/\/tkp-law.com\/wp\/?page_id=488"},"modified":"2022-12-17T14:16:39","modified_gmt":"2022-12-17T05:16:39","slug":"contact","status":"publish","type":"page","link":"https:\/\/tkp-law.com\/vi\/contact\/","title":{"rendered":"Li\u00ean h\u1ec7"},"content":{"rendered":"\n<p>\u0110\u1ed1i v\u1edbi c\u00e1c y\u00eau c\u1ea7u t\u01b0 v\u1ea5n ph\u00e1p lu\u1eadt, t\u01b0 v\u1ea5n b\u00e0i thuy\u1ebft gi\u1ea3ng, v\u00e0 c\u00e1c h\u1ed9i ngh\u1ecb,v.v&#8230; Vui l\u00f2ng li\u00ean h\u1ec7 v\u1edbi ch\u00fang t\u00f4i theo m\u1eabu \u0111\u0103ng k\u00fd d\u01b0\u1edbi \u0111\u00e2y ho\u1eb7c li\u00ean h\u1ec7 qua email ho\u1eb7c s\u1ed1 \u0111i\u1ec7n tho\u1ea1i: 03-6812-1300. <br>L\u01b0u \u00fd: Tuy\u1ec7t \u0111\u1ed1i c\u1ef1 tuy\u1ec7t c\u00e1c tin nh\u1eafn r\u00e1c v\u00e0 c\u00e1c y\u00eau c\u1ea7u mang n\u1ed9i dung quang c\u00e1o.<\/p>\n\n\n\n<div class=\"wp-block-contact-form-7-contact-form-selector\">\n<div class=\"wpcf7 no-js\" id=\"wpcf7-f624-o1\" lang=\"ja\" dir=\"ltr\" data-wpcf7-id=\"624\">\n<div class=\"screen-reader-response\"><p role=\"status\" aria-live=\"polite\" aria-atomic=\"true\"><\/p> <ul><\/ul><\/div>\n<form action=\"\/vi\/wp-json\/wp\/v2\/pages\/488#wpcf7-f624-o1\" method=\"post\" class=\"wpcf7-form init\" aria-label=\"\u30b3\u30f3\u30bf\u30af\u30c8\u30d5\u30a9\u30fc\u30e0\" novalidate=\"novalidate\" data-status=\"init\">\n<fieldset class=\"hidden-fields-container\"><input type=\"hidden\" name=\"_wpcf7\" value=\"624\" \/><input type=\"hidden\" name=\"_wpcf7_version\" value=\"6.1.5\" \/><input type=\"hidden\" name=\"_wpcf7_locale\" value=\"ja\" \/><input type=\"hidden\" name=\"_wpcf7_unit_tag\" value=\"wpcf7-f624-o1\" \/><input type=\"hidden\" name=\"_wpcf7_container_post\" value=\"0\" \/><input type=\"hidden\" name=\"_wpcf7_posted_data_hash\" value=\"\" \/><input type=\"hidden\" name=\"_wpcf7_recaptcha_response\" value=\"\" \/>\n<\/fieldset>\n<p><label> H\u1ecd v\u00e0 t\u00ean<br \/>\n<span class=\"wpcf7-form-control-wrap\" data-name=\"your-name\"><input size=\"40\" maxlength=\"400\" class=\"wpcf7-form-control wpcf7-text wpcf7-validates-as-required\" aria-required=\"true\" aria-invalid=\"false\" value=\"\" type=\"text\" name=\"your-name\" \/><\/span> <\/label>\n<\/p>\n<p><label> Email<br \/>\n<span class=\"wpcf7-form-control-wrap\" data-name=\"your-email\"><input size=\"40\" maxlength=\"400\" class=\"wpcf7-form-control wpcf7-email wpcf7-validates-as-required wpcf7-text wpcf7-validates-as-email\" aria-required=\"true\" aria-invalid=\"false\" value=\"\" type=\"email\" name=\"your-email\" \/><\/span> <\/label>\n<\/p>\n<p><label> S\u1ed1 \u0111i\u1ec7n tho\u1ea1i [Optional]<br \/>\n<span class=\"wpcf7-form-control-wrap\" data-name=\"tel-523\"><input size=\"40\" maxlength=\"400\" class=\"wpcf7-form-control wpcf7-tel wpcf7-text wpcf7-validates-as-tel\" aria-invalid=\"false\" value=\"\" type=\"tel\" name=\"tel-523\" \/><\/span><\/label>\n<\/p>\n<p><label>T\u00ean t\u1ec9nh (n\u1ebfu b\u1ea1n s\u1ed1ng \u1edf Nh\u1eadt B\u1ea3n) [Kh\u00f4ng b\u1eaft bu\u1ed9c]<br \/>\n<span class=\"wpcf7-form-control-wrap\" data-name=\"menu-555\"><select class=\"wpcf7-form-control wpcf7-select\" aria-invalid=\"false\" name=\"menu-555\"><option value=\"Please select\">Please select<\/option><option value=\"Hokkaido\">Hokkaido<\/option><option value=\"Aomori\">Aomori<\/option><option value=\"Iwate\">Iwate<\/option><option value=\"Miyagi\">Miyagi<\/option><option value=\"Akita\">Akita<\/option><option value=\"Yamagata\">Yamagata<\/option><option value=\"Fukushima\">Fukushima<\/option><option value=\"Ibaraki\">Ibaraki<\/option><option value=\"Tochigi\">Tochigi<\/option><option value=\"Gunma\">Gunma<\/option><option value=\"Saitama\">Saitama<\/option><option value=\"Chiba\">Chiba<\/option><option value=\"Tokyo\">Tokyo<\/option><option value=\"Kanagawa\">Kanagawa<\/option><option value=\"Niigata\">Niigata<\/option><option value=\"Toyama\">Toyama<\/option><option value=\"Ishikawa\">Ishikawa<\/option><option value=\"Fukui\">Fukui<\/option><option value=\"Yamanashi\">Yamanashi<\/option><option value=\"Nagano\">Nagano<\/option><option value=\"Gifu\">Gifu<\/option><option value=\"Suzuoka\">Suzuoka<\/option><option value=\"Aichi\">Aichi<\/option><option value=\"Mie\">Mie<\/option><option value=\"Shiga\">Shiga<\/option><option value=\"Kyoto\">Kyoto<\/option><option value=\"Osaka\">Osaka<\/option><option value=\"Hyogo\">Hyogo<\/option><option value=\"Nara\">Nara<\/option><option value=\"Wakayama\">Wakayama<\/option><option value=\"Tottori\">Tottori<\/option><option value=\"Shimane\">Shimane<\/option><option value=\"Okayama\">Okayama<\/option><option value=\"Hiroshima\">Hiroshima<\/option><option value=\"Yamaguchi\">Yamaguchi<\/option><option value=\"Tokushima\">Tokushima<\/option><option value=\"Kagawa\">Kagawa<\/option><option value=\"Ehime\">Ehime<\/option><option value=\"Kochi\">Kochi<\/option><option value=\"Fukuoka\">Fukuoka<\/option><option value=\"Saga\">Saga<\/option><option value=\"Nagasaki\">Nagasaki<\/option><option value=\"Kumamoto\">Kumamoto<\/option><option value=\"Oita\">Oita<\/option><option value=\"Miyazaki\">Miyazaki<\/option><option value=\"Kagoshima\">Kagoshima<\/option><option value=\"Okinawa\">Okinawa<\/option><\/select><\/span><br \/>\n<\/label>\n<\/p>\n<p><label>T\u00ean qu\u1ed1c gia<br \/>\n(n\u1ebfu b\u1ea1n s\u1ed1ng b\u00ean ngo\u00e0i Nh\u1eadt B\u1ea3n) [Optional]<br \/>\n<span class=\"wpcf7-form-control-wrap\" data-name=\"text-77\"><input size=\"40\" maxlength=\"400\" class=\"wpcf7-form-control wpcf7-text\" aria-invalid=\"false\" value=\"\" type=\"text\" name=\"text-77\" \/><\/span><\/label>\n<\/p>\n<p><label>B\u1eb1ng c\u1ea5p chuy\u00ean m\u00f4n (\u0111\u1ed1i v\u1edbi ng\u01b0\u1eddi n\u01b0\u1edbc ngo\u00e0i)<br \/>\n\u0111\u00e3 c\u00f3 ho\u1eb7c s\u1eafp c\u00f3 [Optional]<br \/>\n<span class=\"wpcf7-form-control-wrap\" data-name=\"menu-66\"><select class=\"wpcf7-form-control wpcf7-select\" aria-invalid=\"false\" name=\"menu-66\"><option value=\"Vui l\u00f2ng ch\u1ecdn\">Vui l\u00f2ng ch\u1ecdn<\/option><option value=\"Nh\u00e0 ngo\u1ea1i giao\">Nh\u00e0 ngo\u1ea1i giao<\/option><option value=\"c\u00f4ng ch\u1ee9c\">c\u00f4ng ch\u1ee9c<\/option><option value=\"Gi\u00e1o s\u01b0\">Gi\u00e1o s\u01b0<\/option><option value=\"H\u1ecda s\u0129\">H\u1ecda s\u0129<\/option><option value=\"Ho\u1ea1t \u0111\u1ed9ng t\u00f4n gi\u00e1o\">Ho\u1ea1t \u0111\u1ed9ng t\u00f4n gi\u00e1o<\/option><option value=\"Nh\u00e0 b\u00e1o\">Nh\u00e0 b\u00e1o<\/option><option value=\"Chuy\u00ean vi\u00ean c\u1ea5p cao\">Chuy\u00ean vi\u00ean c\u1ea5p cao<\/option><option value=\"Qu\u1ea3n l\u00fd, kinh doanh\">Qu\u1ea3n l\u00fd, kinh doanh<\/option><option value=\"D\u1ecbch v\u1ee5 ph\u00e1p l\u00fd \/ k\u1ebf to\u00e1n\">D\u1ecbch v\u1ee5 ph\u00e1p l\u00fd \/ k\u1ebf to\u00e1n<\/option><option value=\"D\u1ecbch v\u1ee5 y t\u1ebf\">D\u1ecbch v\u1ee5 y t\u1ebf<\/option><option value=\"Nh\u00e0 nghi\u00ean c\u1ee9u\">Nh\u00e0 nghi\u00ean c\u1ee9u<\/option><option value=\"Gi\u00e1o d\u1ee5c\">Gi\u00e1o d\u1ee5c<\/option><option value=\"K\u1ef9 s\u01b0\">K\u1ef9 s\u01b0<\/option><option value=\"B\u1ed9 ph\u1eadn chuy\u1ec3n giao\">B\u1ed9 ph\u1eadn chuy\u1ec3n giao<\/option><option value=\"\u0110i\u1ec1u d\u01b0\u1ee1ng\">\u0110i\u1ec1u d\u01b0\u1ee1ng<\/option><option value=\"Ngh\u00e0nh gi\u1ea3i tr\u00ed\">Ngh\u00e0nh gi\u1ea3i tr\u00ed<\/option><option value=\"K\u1ef9 thu\u1eadt\">K\u1ef9 thu\u1eadt<\/option><option value=\"k\u1ef9 n\u0103ng \u0111\u1eb7c \u0111\u1ecbnh\">k\u1ef9 n\u0103ng \u0111\u1eb7c \u0111\u1ecbnh<\/option><option value=\"Th\u1ef1c t\u1eadp sinh\">Th\u1ef1c t\u1eadp sinh<\/option><option value=\"Ho\u1ea1t \u0111\u1ed9ng v\u0103n h\u00f3a\">Ho\u1ea1t \u0111\u1ed9ng v\u0103n h\u00f3a<\/option><option value=\"c\u01b0 tr\u00fa ng\u1eafn h\u1ea1n\">c\u01b0 tr\u00fa ng\u1eafn h\u1ea1n<\/option><option value=\"Sinh vi\u00ean\">Sinh vi\u00ean<\/option><option value=\"Nghi\u00ean c\u1ee9u\">Nghi\u00ean c\u1ee9u<\/option><option value=\"Ng\u01b0\u1eddi ph\u1ee5 thu\u1ed9c (Visa gia \u0111\u00ecnh)\">Ng\u01b0\u1eddi ph\u1ee5 thu\u1ed9c (Visa gia \u0111\u00ecnh)<\/option><option value=\"Visa ho\u1ea1t \u0111\u1ed9ng ng\u1eafn h\u1ea1n\">Visa ho\u1ea1t \u0111\u1ed9ng ng\u1eafn h\u1ea1n<\/option><option value=\"V\u1ee3\/ch\u1ed3ng c\u1ee7a ng\u01b0\u1eddi Nh\u1eadt B\u1ea3n\">V\u1ee3\/ch\u1ed3ng c\u1ee7a ng\u01b0\u1eddi Nh\u1eadt B\u1ea3n<\/option><option value=\"V\u1ee3\/ch\u1ed3ng\/con c\u1ee7a ng\u01b0\u1eddi c\u00f3 v\u0129nh tr\u00fa\">V\u1ee3\/ch\u1ed3ng\/con c\u1ee7a ng\u01b0\u1eddi c\u00f3 v\u0129nh tr\u00fa<\/option><option value=\"Visa \u0111\u1ecbnh tr\u00fa\">Visa \u0111\u1ecbnh tr\u00fa<\/option><\/select><\/span><\/label>\n<\/p>\n<p><label> H\u00ecnh th\u1ee9c t\u01b0 v\u1ea5n<br \/>\nTh\u1eddi gian t\u01b0 v\u1ea5n mong mu\u1ed1n [T\u00f9y ch\u1ecdn]<br \/>\n<span class=\"wpcf7-form-control-wrap\" data-name=\"menu-50\"><select class=\"wpcf7-form-control wpcf7-select\" aria-invalid=\"false\" name=\"menu-50\"><option value=\"N\/A\">N\/A<\/option><option value=\"Tr\u1ef1c ti\u1ebfp\">Tr\u1ef1c ti\u1ebfp<\/option><option value=\"Online\">Online<\/option><\/select><\/span><\/label>\n<\/p>\n<p><label> Th\u1eddi gian<br \/>\nTh\u1eddi gian mong mu\u1ed1n [T\u00f9y ch\u1ecdn]<\/label><br \/>\nl\u1ef1a ch\u1ecdn \u0111\u1ea7u ti\u00ean\u3000<span class=\"wpcf7-form-control-wrap\" data-name=\"date-547\"><input class=\"wpcf7-form-control wpcf7-date wpcf7-validates-as-date\" aria-invalid=\"false\" value=\"\" type=\"date\" name=\"date-547\" \/><\/span>\u3000<br \/>\nTh\u1eddi gian<span class=\"wpcf7-form-control-wrap\" data-name=\"menu-195\"><select class=\"wpcf7-form-control wpcf7-select\" aria-invalid=\"false\" name=\"menu-195\"><option value=\"N\/A\">N\/A<\/option><option value=\"9:30\">9:30<\/option><option value=\"10:00\">10:00<\/option><option value=\"10:30\">10:30<\/option><option value=\"11:00\">11:00<\/option><option value=\"11:30\">11:30<\/option><option value=\"12:00\">12:00<\/option><option value=\"12:30\">12:30<\/option><option value=\"13:00\">13:00<\/option><option value=\"13:30\">13:30<\/option><option value=\"14:00\">14:00<\/option><option value=\"14:30\">14:30<\/option><option value=\"15:00\">15:00<\/option><option value=\"15:30\">15:30<\/option><option value=\"16:00\">16:00<\/option><option value=\"16:30\">16:30<\/option><\/select><\/span><br \/>\nl\u1ef1a ch\u1ecdn th\u1ee9 hai\u3000<span class=\"wpcf7-form-control-wrap\" data-name=\"date-590\"><input class=\"wpcf7-form-control wpcf7-date wpcf7-validates-as-date\" aria-invalid=\"false\" value=\"\" type=\"date\" name=\"date-590\" \/><\/span>\u3000<br \/>\nTh\u1eddi gian<span class=\"wpcf7-form-control-wrap\" data-name=\"menu-16\"><select class=\"wpcf7-form-control wpcf7-select\" aria-invalid=\"false\" name=\"menu-16\"><option value=\"N\/A\">N\/A<\/option><option value=\"9:30\">9:30<\/option><option value=\"10:00\">10:00<\/option><option value=\"10:30\">10:30<\/option><option value=\"11:00\">11:00<\/option><option value=\"11:30\">11:30<\/option><option value=\"12:00\">12:00<\/option><option value=\"12:30\">12:30<\/option><option value=\"13:00\">13:00<\/option><option value=\"13:30\">13:30<\/option><option value=\"14:00\">14:00<\/option><option value=\"14:30\">14:30<\/option><option value=\"15:00\">15:00<\/option><option value=\"15:30\">15:30<\/option><option value=\"16:00\">16:00<\/option><option value=\"16:30\">16:30<\/option><\/select><\/span><br \/>\nl\u1ef1a ch\u1ecdn th\u1ee9 ba\u3000<span class=\"wpcf7-form-control-wrap\" data-name=\"date-71\"><input class=\"wpcf7-form-control wpcf7-date wpcf7-validates-as-date\" aria-invalid=\"false\" value=\"\" type=\"date\" name=\"date-71\" \/><\/span>\u3000<br \/>\nTh\u1eddi gian<span class=\"wpcf7-form-control-wrap\" data-name=\"menu-855\"><select class=\"wpcf7-form-control wpcf7-select\" aria-invalid=\"false\" name=\"menu-855\"><option value=\"N\/A\">N\/A<\/option><option value=\"9:30\">9:30<\/option><option value=\"10:00\">10:00<\/option><option value=\"10:30\">10:30<\/option><option value=\"11:00\">11:00<\/option><option value=\"11:30\">11:30<\/option><option value=\"12:00\">12:00<\/option><option value=\"12:30\">12:30<\/option><option value=\"13:00\">13:00<\/option><option value=\"13:30\">13:30<\/option><option value=\"14:00\">14:00<\/option><option value=\"14:30\">14:30<\/option><option value=\"15:00\">15:00<\/option><option value=\"15:30\">15:30<\/option><option value=\"16:00\">16:00<\/option><option value=\"16:30\">16:30<\/option><\/select><\/span>\n<\/p>\n<p><label> \u0110\u1ed1i t\u01b0\u1ee3ng tranh ch\u1ea5p<br \/>\n[T\u00f9y ch\u1ecdn]<br \/>\n<span class=\"wpcf7-form-control-wrap\" data-name=\"text-772\"><input size=\"40\" maxlength=\"400\" class=\"wpcf7-form-control wpcf7-text\" aria-invalid=\"false\" value=\"\" type=\"text\" name=\"text-772\" \/><\/span><\/label>\n<\/p>\n<p><label> Ti\u00eau \u0111\u1ec1<br \/>\n<span class=\"wpcf7-form-control-wrap\" data-name=\"your-subject\"><input size=\"40\" maxlength=\"400\" class=\"wpcf7-form-control wpcf7-text\" aria-invalid=\"false\" value=\"\" type=\"text\" name=\"your-subject\" \/><\/span> <\/label>\n<\/p>\n<p><label> N\u1ed9i dung t\u01b0 v\u1ea5n<br \/>\n<span class=\"wpcf7-form-control-wrap\" data-name=\"your-message\"><textarea cols=\"40\" rows=\"10\" maxlength=\"2000\" class=\"wpcf7-form-control wpcf7-textarea\" aria-invalid=\"false\" name=\"your-message\"><\/textarea><\/span> <\/label>\n<\/p>\n<p><span class=\"wpcf7-form-control-wrap\" data-name=\"acceptance-671\"><span class=\"wpcf7-form-control wpcf7-acceptance\"><span class=\"wpcf7-list-item\"><label><input type=\"checkbox\" name=\"acceptance-671\" value=\"1\" aria-invalid=\"false\" \/><span class=\"wpcf7-list-item-label\">B\u1ea5m v\u00e0o \u00f4 tr\u00ean sau khi \u0111\u1ed3ng \u00fd v\u1edbi n\u1ed9i dung \u0111\u00e3 nh\u1eadp.Vui l\u00f2ng ki\u1ec3m tra l\u1ea1i th\u00f4ng tin tr\u01b0\u1edbc khi b\u1ea5m n\u00fat g\u1eedi.<\/span><\/label><\/span><\/span><\/span><br \/>\n<input class=\"wpcf7-form-control wpcf7-submit has-spinner\" type=\"submit\" value=\"G\u1eedi\" \/>\n<\/p><p style=\"display: none !important;\" class=\"akismet-fields-container\" data-prefix=\"_wpcf7_ak_\"><label>&#916;<textarea name=\"_wpcf7_ak_hp_textarea\" cols=\"45\" rows=\"8\" maxlength=\"100\"><\/textarea><\/label><input type=\"hidden\" id=\"ak_js_1\" name=\"_wpcf7_ak_js\" value=\"234\"\/><script>document.getElementById( \"ak_js_1\" ).setAttribute( \"value\", ( new Date() ).getTime() );<\/script><\/p><div class=\"wpcf7-response-output\" aria-hidden=\"true\"><\/div>\n<\/form>\n<\/div>\n<\/div>\n","protected":false},"excerpt":{"rendered":"<p>\u0110\u1ed1i v\u1edbi c\u00e1c y\u00eau c\u1ea7u t\u01b0 v\u1ea5n ph\u00e1p lu\u1eadt, t\u01b0 v\u1ea5n b\u00e0i thuy\u1ebft gi\u1ea3ng, v\u00e0 c\u00e1c h\u1ed9i ngh\u1ecb,v.v&#8230; Vui l\u00f2ng li\u00ean h\u1ec7 v\u1edbi ch\u00fang t\u00f4i theo m\u1eabu \u0111\u0103ng k\u00fd d\u01b0\u1edbi \u0111\u00e2y ho\u1eb7c li\u00ean h\u1ec7 qua email ho\u1eb7c s\u1ed1 \u0111i\u1ec7n tho\u1ea1i: 03-6812-1300. L\u01b0u \u00fd: Tuy\u1ec7t \u0111\u1ed1i c\u1ef1 tuy\u1ec7t c\u00e1c tin nh\u1eafn r\u00e1c v\u00e0 c\u00e1c y\u00eau c\u1ea7u [&hellip;]<\/p>\n","protected":false},"author":1,"featured_media":108,"parent":0,"menu_order":0,"comment_status":"closed","ping_status":"closed","template":"","meta":{"_locale":"vi","_original_post":"http:\/\/tkp-law.com\/wp\/?page_id=51","vkexunit_cta_each_option":"","footnotes":""},"class_list":["post-488","page","type-page","status-publish","has-post-thumbnail","hentry","vi"],"_links":{"self":[{"href":"https:\/\/tkp-law.com\/wp-json\/wp\/v2\/pages\/488","targetHints":{"allow":["GET"]}}],"collection":[{"href":"https:\/\/tkp-law.com\/wp-json\/wp\/v2\/pages"}],"about":[{"href":"https:\/\/tkp-law.com\/wp-json\/wp\/v2\/types\/page"}],"author":[{"embeddable":true,"href":"https:\/\/tkp-law.com\/wp-json\/wp\/v2\/users\/1"}],"replies":[{"embeddable":true,"href":"https:\/\/tkp-law.com\/wp-json\/wp\/v2\/comments?post=488"}],"version-history":[{"count":10,"href":"https:\/\/tkp-law.com\/wp-json\/wp\/v2\/pages\/488\/revisions"}],"predecessor-version":[{"id":1223,"href":"https:\/\/tkp-law.com\/wp-json\/wp\/v2\/pages\/488\/revisions\/1223"}],"wp:featuredmedia":[{"embeddable":true,"href":"https:\/\/tkp-law.com\/wp-json\/wp\/v2\/media\/108"}],"wp:attachment":[{"href":"https:\/\/tkp-law.com\/wp-json\/wp\/v2\/media?parent=488"}],"curies":[{"name":"wp","href":"https:\/\/api.w.org\/{rel}","templated":true}]}}